{"id":102,"date":"2006-07-25T15:20:11","date_gmt":"2006-07-25T12:20:11","guid":{"rendered":"http:\/\/jousimetsastys.fi\/wp\/?page_id=102"},"modified":"2016-05-27T23:27:10","modified_gmt":"2016-05-27T21:27:10","slug":"huomionosoitukset","status":"publish","type":"page","link":"https:\/\/www.jousimetsastys.fi\/wp\/yleista-tietoa\/huomionosoitukset\/","title":{"rendered":"Huomionosoitukset"},"content":{"rendered":"<p>SJML Hallitus on vuosien varrella my\u00f6nt\u00e4nyt ansioituneesti jousimets\u00e4styksen asiaa edist\u00e4neille henkil\u00f6ille standaareja sek\u00e4 vuodesta 2004 l\u00e4htien my\u00f6s kunniakirjoja. T\u00e4h\u00e4nastiset huomionosoitusten vastaanottajat ovat seuraavat:<\/p>\n<p><b>SJML standaarit<\/b><\/p>\n<p>1. Ekstr\u00f6m M\u00e5rten, 1992<br \/>\n2. Mustonen Jim, 1992<br \/>\n3. Vaaralahti Kai, 1992<br \/>\n4. Vaaralahti Kari, 1992<br \/>\n5. Kaipainen Reijo, 1992<br \/>\n6. Uusitalo Juhani, 1992<br \/>\n7. Laitinen Eero, 1992<br \/>\n8. Laitinen Raimo, 1992<br \/>\n9. Pylkk\u00e4nen Matti, 1992<br \/>\n10. Arkko Martti, 1992<br \/>\n11. EUJM \/ Santala Simo, 1993<br \/>\n12. Paavola Pekka, 1994<br \/>\n13. Kylm\u00e4 Juha, 1995<br \/>\n14. Paloneva Risto, 1997<br \/>\n15. Virtanen Yrj\u00f6, 2000<br \/>\n16. Lepist\u00f6 Markku, 2001<br \/>\n17. Savolainen Ilkka, 2002<br \/>\n18. Karjalainen Jorma, 2002<br \/>\n19. Suvikunnas Martti, 2002<br \/>\n20. Ala-Ajos Ilkka, 2002<br \/>\n21. Mets\u00e4st\u00e4j\u00e4in Keskusj\u00e4rjest\u00f6, 2002<br \/>\n22. Suomen Mets\u00e4st\u00e4j\u00e4liitto, 2002<br \/>\n23. Nieminen Ville, 2002<br \/>\n24. Mets\u00e4hallitus \/ Oulun konttori, 2002<br \/>\n25. Kontiainen Ari, 2004<br \/>\n26. Joensuu Olavi, 2012<br \/>\n27. V\u00e4is\u00e4nen Jarmo, 2012<br \/>\n28. M\u00e4kinen Manu, 2012<br \/>\n29. Sillanp\u00e4\u00e4 Arto, 2012<br \/>\n30. Pirkanmaan Jousimets\u00e4st\u00e4j\u00e4t ry, 2013<br \/>\n31. Kulin Jouko, 2013<br \/>\n32. Etel\u00e4-Pohjanmaan Jousimets\u00e4st\u00e4j\u00e4t ry, 2014<br \/>\n33. Robin Hood Bowhunting Team, 2014<br \/>\n34. Sievin Jousimets\u00e4st\u00e4j\u00e4t ry, 2014<br \/>\n35. Kokkonen Sarianne, 2015<\/p>\n<p><b>SJML Kunniakirjat<\/b><\/p>\n<p>1. Arkko Martti, 5\/2004<br \/>\n2. Laitinen Raimo, 5\/2004<br \/>\n3. Joutj\u00e4rven Er\u00e4, 5\/2004<br \/>\n4. Kairikko Juha K., 5\/2006<br \/>\n5. Pirkanmaan Jousimets\u00e4st\u00e4j\u00e4t ry, 3\/2008<br \/>\n6. Kylm\u00e4 Juha, 5\/2011<br \/>\n7. Kangas Janne, P\u00e4nt\u00e4neen mets\u00e4stysseura, 5\/2011<br \/>\n8. Kontiainen Ari, 7\/2012<br \/>\n9. Alhainen Mikko, 7\/2012<br \/>\n10. Weckstr\u00f6m Anders, Oy Castle River Import Ab, 7\/2012<br \/>\n11. Ylisaukko-oja Arto, 3\/2015<br \/>\n12. Verho Harri, 3\/2015<br \/>\n13. Rutonen Mika, 3\/2015<br \/>\n14. Rutonen Mika, 5\/2016<br \/>\n15. Leskinen Timo, 5\/2016<\/p>\n","protected":false},"excerpt":{"rendered":"<p>SJML Hallitus on vuosien varrella my\u00f6nt\u00e4nyt ansioituneesti jousimets\u00e4styksen asiaa edist\u00e4neille henkil\u00f6ille standaareja sek\u00e4 vuodesta 2004 l\u00e4htien my\u00f6s kunniakirjoja. T\u00e4h\u00e4nastiset huomionosoitusten vastaanottajat ovat seuraavat: SJML standaarit 1. Ekstr\u00f6m M\u00e5rten, 1992 2. [&hellip;]<\/p>\n","protected":false},"author":1,"featured_media":0,"parent":4,"menu_order":13,"comment_status":"open","ping_status":"closed","template":"","meta":{"_price":"","_stock":"","_tribe_ticket_header":"","_tribe_default_ticket_provider":"","_tribe_ticket_capacity":"0","_ticket_start_date":"","_ticket_end_date":"","_tribe_ticket_show_description":"","_tribe_ticket_show_not_going":false,"_tribe_ticket_use_global_stock":"","_tribe_ticket_global_stock_level":"","_global_stock_mode":"","_global_stock_cap":"","_tribe_rsvp_for_event":"","_tribe_ticket_going_count":"","_tribe_ticket_not_going_count":"","_tribe_tickets_list":"[]","_tribe_ticket_has_attendee_info_fields":false,"footnotes":"","_tec_slr_enabled":"","_tec_slr_layout":""},"class_list":["post-102","page","type-page","status-publish","hentry"],"jetpack_shortlink":"https:\/\/wp.me\/P9evuG-1E","jetpack_sharing_enabled":true,"ticketed":false,"post_mailing_queue_ids":[],"_links":{"self":[{"href":"https:\/\/www.jousimetsastys.fi\/wp\/wp-json\/wp\/v2\/pages\/102","targetHints":{"allow":["GET"]}}],"collection":[{"href":"https:\/\/www.jousimetsastys.fi\/wp\/wp-json\/wp\/v2\/pages"}],"about":[{"href":"https:\/\/www.jousimetsastys.fi\/wp\/wp-json\/wp\/v2\/types\/page"}],"author":[{"embeddable":true,"href":"https:\/\/www.jousimetsastys.fi\/wp\/wp-json\/wp\/v2\/users\/1"}],"replies":[{"embeddable":true,"href":"https:\/\/www.jousimetsastys.fi\/wp\/wp-json\/wp\/v2\/comments?post=102"}],"version-history":[{"count":11,"href":"https:\/\/www.jousimetsastys.fi\/wp\/wp-json\/wp\/v2\/pages\/102\/revisions"}],"predecessor-version":[{"id":8146,"href":"https:\/\/www.jousimetsastys.fi\/wp\/wp-json\/wp\/v2\/pages\/102\/revisions\/8146"}],"up":[{"embeddable":true,"href":"https:\/\/www.jousimetsastys.fi\/wp\/wp-json\/wp\/v2\/pages\/4"}],"wp:attachment":[{"href":"https:\/\/www.jousimetsastys.fi\/wp\/wp-json\/wp\/v2\/media?parent=102"}],"curies":[{"name":"wp","href":"https:\/\/api.w.org\/{rel}","templated":true}]}}