{"id":11,"date":"2005-09-09T00:06:52","date_gmt":"2005-09-08T21:06:52","guid":{"rendered":"http:\/\/jousimetsastys.fi\/wp\/?page_id=11"},"modified":"2007-12-21T22:19:18","modified_gmt":"2007-12-21T20:19:18","slug":"eettiset-periaatteet","status":"publish","type":"page","link":"https:\/\/www.jousimetsastys.fi\/wp\/yleista-tietoa\/eettiset-periaatteet\/","title":{"rendered":"Eettiset periaatteet"},"content":{"rendered":"<p>Jousimets\u00e4styksen eettiset periaatteet<\/p>\n<p>Valitessaan jousen ja nuolen mets\u00e4stysaseekseen tekee jousimets\u00e4st\u00e4j\u00e4 tietoisen p\u00e4\u00e4t\u00f6ksen j\u00e4tt\u00e4\u00e4 k\u00e4ytt\u00e4m\u00e4tt\u00e4 nykyaikaisen mets\u00e4stysteknologian tarjoamia etuja. Siksi jousimets\u00e4st\u00e4j\u00e4n on kehitett\u00e4v\u00e4 taitoansa l\u00e4hesty\u00e4 riistaa paljon normaalia varoet\u00e4isyytt\u00e4 l\u00e4hemm\u00e4ksi. Lis\u00e4ksi on valittava, huollettava ja opittava k\u00e4ytt\u00e4m\u00e4\u00e4n varusteita, joita mets\u00e4styskohteeksi valittu riista edellytt\u00e4\u00e4.<\/p>\n<p>JOUSIMETS\u00c4STYKSESS\u00c4 ON SIIS VILPITT\u00d6M\u00c4STI TOTEUTETTAVA SEURAAVIA EETTISI\u00c4 PERIAATTEITA:<\/p>\n<p>Mets\u00e4st\u00e4k\u00f6\u00f6n jousimets\u00e4st\u00e4j\u00e4 ainoastaan sellaisissa olosuhteissa ja sellaisilla menetelmill\u00e4, jotka sallivat riistalle normaalit fyysiset ja ymp\u00e4rist\u00f6lliset mahdollisuudet. <\/p>\n<p>Lis\u00e4ksi:<\/p>\n<ol>\n<li>Jousimets\u00e4st\u00e4j\u00e4 ampuu ainoastaan itselleen varmoilta et\u00e4isyyksilt\u00e4;\n<\/li>\n<li>Jousimets\u00e4st\u00e4j\u00e4 k\u00e4ytt\u00e4\u00e4 ainoastaan sellaista jousta, joka voidaan k\u00e4sin ja yhdell\u00e4 liikkeell\u00e4 j\u00e4nnitt\u00e4\u00e4 ja pit\u00e4\u00e4 viritettyn\u00e4, ja jota ei voida kantaa mill\u00e4\u00e4n lailla viritettyn\u00e4 ja ladattuna;\n<\/li>\n<li>Jousimets\u00e4st\u00e4j\u00e4 toimii aina paikallisten mets\u00e4styss\u00e4\u00e4nn\u00f6sten mukaisesti ja varmistuu siit\u00e4, ett\u00e4 h\u00e4n on ennen mets\u00e4styst\u00e4 hankkinut tarvittavat viranomaisten luvat ja\/tai valtuudet;\n<\/li>\n<li>Jousimets\u00e4st\u00e4j\u00e4 ei mets\u00e4st\u00e4 fyysisesti veden, mudan tai lumen rajoittamaa riistaa (paitsi milloin t\u00e4m\u00e4 on riistan luonnollinen elinymp\u00e4rist\u00f6) eik\u00e4 riistaa, joka on kiinni kytketty, uupunut, huumattu tai keinotekoisesti valaistu;\n<\/li>\n<li>Jousimets\u00e4st\u00e4j\u00e4 ei mets\u00e4st\u00e4 riistaa, jonka kokoamiseen, ajamiseen, paikallistamiseen tai ohjaamiseen on k\u00e4ytetty moottoriajoneuvoa tai riista on n\u00e4in pakotettu kokoon ja\/tai kulkemaan haluttuun suuntaan l\u00e4helle mets\u00e4st\u00e4j\u00e4\u00e4;\n<\/li>\n<li>Jousimets\u00e4st\u00e4j\u00e4 ei k\u00e4yt\u00e4 nuolta, jonka k\u00e4rki on varustettu r\u00e4j\u00e4hteell\u00e4 tai k\u00e4sitelty myrkyll\u00e4 eik\u00e4 my\u00f6sk\u00e4\u00e4n k\u00e4yt\u00e4 maalla el\u00e4vien nis\u00e4kk\u00e4iden mets\u00e4stykseen k\u00e4rke\u00e4, jonka v\u00e4k\u00e4sm\u00e4inen muoto est\u00e4\u00e4 sen pois vet\u00e4misen. Sallittu k\u00e4rki voidaan m\u00e4\u00e4ritell\u00e4 siten, ett\u00e4 k\u00e4rjen olkap\u00e4\u00e4 tai takalaita ei muodosta suhteessa nuolen varteen pienemp\u00e4\u00e4 kuin 90 asteen kulmaa;\n<\/li>\n<li>Jousimets\u00e4st\u00e4j\u00e4 ei k\u00e4yt\u00e4 mets\u00e4stysk\u00e4rke\u00e4 tai nuolenvartta, joka on erityisesti suunniteltu aiheuttamaan suuremman vamman kuin mink\u00e4 tavanomainen leikkaava k\u00e4rki tai nuolenvarsi aiheuttaa.\n<p>L\u00e4hde: WoBa, Suomentanut: Juha Kylm\u00e4<\/li>\n<\/ol>\n","protected":false},"excerpt":{"rendered":"<p>Jousimets\u00e4styksen eettiset periaatteet Valitessaan jousen ja nuolen mets\u00e4stysaseekseen tekee jousimets\u00e4st\u00e4j\u00e4 tietoisen p\u00e4\u00e4t\u00f6ksen j\u00e4tt\u00e4\u00e4 k\u00e4ytt\u00e4m\u00e4tt\u00e4 nykyaikaisen mets\u00e4stysteknologian tarjoamia etuja. Siksi jousimets\u00e4st\u00e4j\u00e4n on kehitett\u00e4v\u00e4 taitoansa l\u00e4hesty\u00e4 riistaa paljon normaalia varoet\u00e4isyytt\u00e4 l\u00e4hemm\u00e4ksi. Lis\u00e4ksi [&hellip;]<\/p>\n","protected":false},"author":6,"featured_media":0,"parent":4,"menu_order":7,"comment_status":"closed","ping_status":"open","template":"","meta":{"_price":"","_stock":"","_tribe_ticket_header":"","_tribe_default_ticket_provider":"","_tribe_ticket_capacity":"0","_ticket_start_date":"","_ticket_end_date":"","_tribe_ticket_show_description":"","_tribe_ticket_show_not_going":false,"_tribe_ticket_use_global_stock":"","_tribe_ticket_global_stock_level":"","_global_stock_mode":"","_global_stock_cap":"","_tribe_rsvp_for_event":"","_tribe_ticket_going_count":"","_tribe_ticket_not_going_count":"","_tribe_tickets_list":"[]","_tribe_ticket_has_attendee_info_fields":false,"footnotes":"","_tec_slr_enabled":"","_tec_slr_layout":""},"class_list":["post-11","page","type-page","status-publish","hentry"],"jetpack_shortlink":"https:\/\/wp.me\/P9evuG-b","jetpack_sharing_enabled":true,"ticketed":false,"post_mailing_queue_ids":[],"_links":{"self":[{"href":"https:\/\/www.jousimetsastys.fi\/wp\/wp-json\/wp\/v2\/pages\/11","targetHints":{"allow":["GET"]}}],"collection":[{"href":"https:\/\/www.jousimetsastys.fi\/wp\/wp-json\/wp\/v2\/pages"}],"about":[{"href":"https:\/\/www.jousimetsastys.fi\/wp\/wp-json\/wp\/v2\/types\/page"}],"author":[{"embeddable":true,"href":"https:\/\/www.jousimetsastys.fi\/wp\/wp-json\/wp\/v2\/users\/6"}],"replies":[{"embeddable":true,"href":"https:\/\/www.jousimetsastys.fi\/wp\/wp-json\/wp\/v2\/comments?post=11"}],"version-history":[{"count":0,"href":"https:\/\/www.jousimetsastys.fi\/wp\/wp-json\/wp\/v2\/pages\/11\/revisions"}],"up":[{"embeddable":true,"href":"https:\/\/www.jousimetsastys.fi\/wp\/wp-json\/wp\/v2\/pages\/4"}],"wp:attachment":[{"href":"https:\/\/www.jousimetsastys.fi\/wp\/wp-json\/wp\/v2\/media?parent=11"}],"curies":[{"name":"wp","href":"https:\/\/api.w.org\/{rel}","templated":true}]}}