{"id":27,"date":"2005-09-11T12:38:59","date_gmt":"2005-09-11T09:38:59","guid":{"rendered":"http:\/\/jousimetsastys.fi\/wp\/?page_id=27"},"modified":"2017-10-08T21:55:34","modified_gmt":"2017-10-08T19:55:34","slug":"kurssit","status":"publish","type":"page","link":"https:\/\/www.jousimetsastys.fi\/wp\/yleista-tietoa\/kurssit\/","title":{"rendered":"Koulutustoiminta"},"content":{"rendered":"<p>Yksi SJML:n toiminnan t\u00e4rkeimpi\u00e4 osa-alueita on koulutus. J\u00e4rjest\u00e4mme erimuotoisia ja -sis\u00e4lt\u00f6isi\u00e4 kursseja l\u00e4htien lyhyist\u00e4 tietoiskuista k\u00e4ytett\u00e4v\u00e4ksi vaikkapa mets\u00e4stysseuran tai riistanhoitoyhdistyksen kokouksen yhteyteen, jatkuen <a href=\"http:\/\/jousimetsastys.fi\/wp\/?page_id=29\">IBEP<\/a>-kurssin muodossa ja p\u00e4\u00e4ttyen aina muutaman p\u00e4iv\u00e4n <a href=\"http:\/\/jousimetsastys.fi\/wp\/?page_id=64\">leirimuotoiseen kurssiin<\/a>. Lis\u00e4ksi olemme j\u00e4rjest\u00e4neet tilauksesta erilaisia teemakursseja, mm. jousen tekniikasta ja s\u00e4\u00e4t\u00e4misest\u00e4.<\/p>\n<p>Pyrimme my\u00f6s koulutusalueella toimimaan enenev\u00e4ss\u00e4 m\u00e4\u00e4rin <a href=\"http:\/\/www.riista.fi\" target=\"_new\">Riistakeskuksen<\/a> ja <a href=\"http:\/\/www.metsastajaliitto.fi\" target=\"_blank\" rel=\"noopener\">Suomen Mets\u00e4st\u00e4j\u00e4liiton<\/a> kanssa yhteisty\u00f6ss\u00e4 niin, ett\u00e4 toimintamme t\u00e4ydent\u00e4v\u00e4t toisiaan. Uusimpana koulutusyhteisty\u00f6n\u00e4mme toimii <a href=\"http:\/\/www.jousimetsastys.fi\/wp\/jousimetsastyksen-perusteet\/\" target=\"_blank\" rel=\"noopener\">Jousimets\u00e4styksen perusteet<\/a> &#8211; koulutuspaketti.<\/p>\n<p>Tulevat kurssit l\u00f6ytyv\u00e4t aina liiton <a href=\"http:\/\/www.jousimetsastys.fi\/wp\/tapahtumat\/\">tapahtumakalenterista<\/a>.<\/p>\n","protected":false},"excerpt":{"rendered":"<p>Yksi SJML:n toiminnan t\u00e4rkeimpi\u00e4 osa-alueita on koulutus. J\u00e4rjest\u00e4mme erimuotoisia ja -sis\u00e4lt\u00f6isi\u00e4 kursseja l\u00e4htien lyhyist\u00e4 tietoiskuista k\u00e4ytett\u00e4v\u00e4ksi vaikkapa mets\u00e4stysseuran tai riistanhoitoyhdistyksen kokouksen yhteyteen, jatkuen IBEP-kurssin muodossa ja p\u00e4\u00e4ttyen aina muutaman p\u00e4iv\u00e4n [&hellip;]<\/p>\n","protected":false},"author":1,"featured_media":0,"parent":4,"menu_order":9,"comment_status":"closed","ping_status":"open","template":"","meta":{"_price":"","_stock":"","_tribe_ticket_header":"","_tribe_default_ticket_provider":"","_tribe_ticket_capacity":"0","_ticket_start_date":"","_ticket_end_date":"","_tribe_ticket_show_description":"","_tribe_ticket_show_not_going":false,"_tribe_ticket_use_global_stock":"","_tribe_ticket_global_stock_level":"","_global_stock_mode":"","_global_stock_cap":"","_tribe_rsvp_for_event":"","_tribe_ticket_going_count":"","_tribe_ticket_not_going_count":"","_tribe_tickets_list":"[]","_tribe_ticket_has_attendee_info_fields":false,"footnotes":"","_tec_slr_enabled":"","_tec_slr_layout":""},"class_list":["post-27","page","type-page","status-publish","hentry"],"jetpack_shortlink":"https:\/\/wp.me\/P9evuG-r","jetpack_sharing_enabled":true,"ticketed":false,"post_mailing_queue_ids":[],"_links":{"self":[{"href":"https:\/\/www.jousimetsastys.fi\/wp\/wp-json\/wp\/v2\/pages\/27","targetHints":{"allow":["GET"]}}],"collection":[{"href":"https:\/\/www.jousimetsastys.fi\/wp\/wp-json\/wp\/v2\/pages"}],"about":[{"href":"https:\/\/www.jousimetsastys.fi\/wp\/wp-json\/wp\/v2\/types\/page"}],"author":[{"embeddable":true,"href":"https:\/\/www.jousimetsastys.fi\/wp\/wp-json\/wp\/v2\/users\/1"}],"replies":[{"embeddable":true,"href":"https:\/\/www.jousimetsastys.fi\/wp\/wp-json\/wp\/v2\/comments?post=27"}],"version-history":[{"count":9,"href":"https:\/\/www.jousimetsastys.fi\/wp\/wp-json\/wp\/v2\/pages\/27\/revisions"}],"predecessor-version":[{"id":9064,"href":"https:\/\/www.jousimetsastys.fi\/wp\/wp-json\/wp\/v2\/pages\/27\/revisions\/9064"}],"up":[{"embeddable":true,"href":"https:\/\/www.jousimetsastys.fi\/wp\/wp-json\/wp\/v2\/pages\/4"}],"wp:attachment":[{"href":"https:\/\/www.jousimetsastys.fi\/wp\/wp-json\/wp\/v2\/media?parent=27"}],"curies":[{"name":"wp","href":"https:\/\/api.w.org\/{rel}","templated":true}]}}