{"id":8434,"date":"2017-02-23T20:29:10","date_gmt":"2017-02-23T18:29:10","guid":{"rendered":"http:\/\/www.jousimetsastys.fi\/wp\/?page_id=8434"},"modified":"2017-12-12T21:02:10","modified_gmt":"2017-12-12T19:02:10","slug":"jousimetsastyksen-perusteet","status":"publish","type":"page","link":"https:\/\/www.jousimetsastys.fi\/wp\/jousimetsastyksen-perusteet\/","title":{"rendered":"Jousimets\u00e4styksen perusteet"},"content":{"rendered":"<p>Suomen Jousimets\u00e4st\u00e4j\u00e4in liitto ja Suomen Mets\u00e4st\u00e4j\u00e4liitto j\u00e4rjest\u00e4v\u00e4t yhteisty\u00f6ss\u00e4 Mets\u00e4st\u00e4j\u00e4liiton piirien, riistanhoitoyhdistysten ja j\u00e4senseurojen kanssa Jousimets\u00e4styksen perusteet -koulutuksia, jotka tarjoavat koulutuksiin osallistuville t\u00e4rkeimpi\u00e4 perustietoja harrastuksen aloittamista, kalustoa ja k\u00e4yt\u00e4nn\u00f6n jousimets\u00e4styst\u00e4 ajatellen.<\/p>\n<p>Koulutus sis\u00e4lt\u00e4\u00e4 perustietoa jousimets\u00e4styksest\u00e4 siit\u00e4 kiinnostuneille ja sen aloittamista harkitseville mets\u00e4st\u00e4jille. Koulutus soveltuu my\u00f6s juuri jousimets\u00e4styksen aloittaneille.<br \/>\nTeoriaosio on laadittu mukaillen Juha Kylm\u00e4n &#8221;Jousimets\u00e4stys &#8211; johdatus nykyaikaisen jousimets\u00e4styksen perusteisiin&#8221; &#8211; kirjan ensimm\u00e4ist\u00e4 osiota, ja sen aikana k\u00e4yd\u00e4\u00e4n l\u00e4pi jousimets\u00e4stykseen liittyv\u00e4t perusseikat, kuten lains\u00e4\u00e4d\u00e4nt\u00f6\u00e4, turvallisuustekij\u00e4t sek\u00e4 jousiaseeseen kohdistuvat vaatimukset. Lis\u00e4ksi tutustutaan eri jousityyppeihin ja niiden erityispiirteisiin ja niihin liittyviin varusteisiin. Koulutus sis\u00e4lt\u00e4\u00e4 my\u00f6s tietoa riistatilanteen rakentamisesta jousella mets\u00e4stett\u00e4ess\u00e4, sen l\u00e4piviemisest\u00e4 ja sen j\u00e4lkeen tapahtuvista asioista. Kurssilla k\u00e4yd\u00e4\u00e4n l\u00e4pi lyhyesti my\u00f6s erilaisia jousimets\u00e4stystaktiikoita ja niiss\u00e4 huomioitavia asioita.<\/p>\n<p>Koulutukseen sis\u00e4ltyy mahdollisuuksien mukaan aina teoriaosion lis\u00e4ksi my\u00f6s ammuntatekniikan perusteita, jonka kohdalla osallistujilla on mahdollista p\u00e4\u00e4st\u00e4 kokeilemaan mets\u00e4styksess\u00e4 k\u00e4ytett\u00e4vi\u00e4 jousia ja tutustumaan niiden varusteisiin.<\/p>\n<p>Koulutukset on tarkoitettu j\u00e4rjestett\u00e4v\u00e4ksi paikallisen toimijan (SML:n piiri, RHY tai yksitt\u00e4inen suurempi seura tai seurat yhdess\u00e4) toimesta. Mik\u00e4li kiinnostuksesi her\u00e4si, ota yhteytt\u00e4 joko paikalliseen toimijaasi ja tiedustele seuraavan kurssin aikataulua tai ota yhteytt\u00e4 Suomen jousimets\u00e4st\u00e4j\u00e4in liittoon osoitteessa &#x69;&#110;f&#x6f;&#64;j&#x6f;&#117;s&#x69;&#x6d;&#101;&#x74;&#x73;&#97;s&#x74;&#121;s&#x2e;&#102;i ja tiedustele seuraavasta j\u00e4rjestett\u00e4v\u00e4st\u00e4 kurssista alueellasi.<\/p>\n<p><a href=\"https:\/\/i0.wp.com\/www.jousimetsastys.fi\/wp\/wp-content\/uploads\/2017\/02\/vihkonen2.jpg\"><img data-recalc-dims=\"1\" loading=\"lazy\" decoding=\"async\" class=\"alignnone size-medium wp-image-8432\" src=\"https:\/\/i0.wp.com\/www.jousimetsastys.fi\/wp\/wp-content\/uploads\/2017\/02\/vihkonen2-400x285.jpg?resize=400%2C285\" alt=\"\" width=\"400\" height=\"285\" srcset=\"https:\/\/i0.wp.com\/www.jousimetsastys.fi\/wp\/wp-content\/uploads\/2017\/02\/vihkonen2.jpg?resize=400%2C285&amp;ssl=1 400w, https:\/\/i0.wp.com\/www.jousimetsastys.fi\/wp\/wp-content\/uploads\/2017\/02\/vihkonen2.jpg?w=439&amp;ssl=1 439w\" sizes=\"auto, (max-width: 400px) 100vw, 400px\" \/><\/a><\/p>\n<p>Koulutettavat saavat teoriaosion ja ampumatekniikan perusopetuksen lis\u00e4ksi itselleen kurssivihkosen, joka pit\u00e4\u00e4 sis\u00e4ll\u00e4\u00e4n kirjallisena kurssilla l\u00e4pik\u00e4ydyt aihealueet ja muistiinpanoille varatun osion.<\/p>\n<p><a href=\"http:\/\/www.jousimetsastys.fi\/wp\/jousimetsastyksen-perusteet-jarjestajan-sivu\/\" rel=\"noopener\">Kouluttajien ja koulutuksen j\u00e4rjest\u00e4jien sivu<\/a>.<\/p>\n<p>Lis\u00e4tiedot ja muut kysymykset:<\/p>\n<p>&#105;&#x6e;&#x66;o&#64;&#x6a;&#x6f;u&#115;&#x69;m&#101;&#x74;&#x73;a&#115;&#x74;y&#115;&#x2e;&#x66;i<\/p>\n<p>Antti Saarenmaa<br \/>\n045 696 3171<\/p>\n","protected":false},"excerpt":{"rendered":"<p>Suomen Jousimets\u00e4st\u00e4j\u00e4in liitto ja Suomen Mets\u00e4st\u00e4j\u00e4liitto j\u00e4rjest\u00e4v\u00e4t yhteisty\u00f6ss\u00e4 Mets\u00e4st\u00e4j\u00e4liiton piirien, riistanhoitoyhdistysten ja j\u00e4senseurojen kanssa Jousimets\u00e4styksen perusteet -koulutuksia, jotka tarjoavat koulutuksiin osallistuville t\u00e4rkeimpi\u00e4 perustietoja harrastuksen aloittamista, kalustoa ja k\u00e4yt\u00e4nn\u00f6n jousimets\u00e4styst\u00e4 ajatellen. [&hellip;]<\/p>\n","protected":false},"author":3,"featured_media":239,"parent":0,"menu_order":0,"comment_status":"closed","ping_status":"closed","template":"","meta":{"_price":"","_stock":"","_tribe_ticket_header":"","_tribe_default_ticket_provider":"","_tribe_ticket_capacity":"0","_ticket_start_date":"","_ticket_end_date":"","_tribe_ticket_show_description":"","_tribe_ticket_show_not_going":false,"_tribe_ticket_use_global_stock":"","_tribe_ticket_global_stock_level":"","_global_stock_mode":"","_global_stock_cap":"","_tribe_rsvp_for_event":"","_tribe_ticket_going_count":"","_tribe_ticket_not_going_count":"","_tribe_tickets_list":"[]","_tribe_ticket_has_attendee_info_fields":false,"footnotes":"","_tec_slr_enabled":"","_tec_slr_layout":""},"class_list":["post-8434","page","type-page","status-publish","has-post-thumbnail","hentry"],"jetpack_shortlink":"https:\/\/wp.me\/P9evuG-2c2","jetpack_sharing_enabled":true,"ticketed":false,"post_mailing_queue_ids":[],"_links":{"self":[{"href":"https:\/\/www.jousimetsastys.fi\/wp\/wp-json\/wp\/v2\/pages\/8434","targetHints":{"allow":["GET"]}}],"collection":[{"href":"https:\/\/www.jousimetsastys.fi\/wp\/wp-json\/wp\/v2\/pages"}],"about":[{"href":"https:\/\/www.jousimetsastys.fi\/wp\/wp-json\/wp\/v2\/types\/page"}],"author":[{"embeddable":true,"href":"https:\/\/www.jousimetsastys.fi\/wp\/wp-json\/wp\/v2\/users\/3"}],"replies":[{"embeddable":true,"href":"https:\/\/www.jousimetsastys.fi\/wp\/wp-json\/wp\/v2\/comments?post=8434"}],"version-history":[{"count":12,"href":"https:\/\/www.jousimetsastys.fi\/wp\/wp-json\/wp\/v2\/pages\/8434\/revisions"}],"predecessor-version":[{"id":9250,"href":"https:\/\/www.jousimetsastys.fi\/wp\/wp-json\/wp\/v2\/pages\/8434\/revisions\/9250"}],"wp:featuredmedia":[{"embeddable":true,"href":"https:\/\/www.jousimetsastys.fi\/wp\/wp-json\/wp\/v2\/media\/239"}],"wp:attachment":[{"href":"https:\/\/www.jousimetsastys.fi\/wp\/wp-json\/wp\/v2\/media?parent=8434"}],"curies":[{"name":"wp","href":"https:\/\/api.w.org\/{rel}","templated":true}]}}