{"id":9417,"date":"2018-04-12T20:10:26","date_gmt":"2018-04-12T17:10:26","guid":{"rendered":"http:\/\/www.jousimetsastys.fi\/wp\/?page_id=9417"},"modified":"2018-07-21T14:48:19","modified_gmt":"2018-07-21T11:48:19","slug":"saalisilmoitus","status":"publish","type":"page","link":"https:\/\/www.jousimetsastys.fi\/wp\/saalisilmoitus\/","title":{"rendered":"Saalisilmoitus 2017-2018"},"content":{"rendered":"<p>T\u00e4yt\u00e4 saalisilmoitus <strong>mets\u00e4stysvuodelta 2017-2018<\/strong> eli 1.8.2017 &#8211; 30.6.2018.<\/p>\n<p>Mik\u00e4li olet saanut saalista erilaisilla jousiaseilla kauden aikana, t\u00e4yt\u00e4 lomake useampaan kertaan, per k\u00e4ytetty erilainen jousiase.<\/p>\n<p><b>HUOM<\/b>: Antamalla nimesi ja s\u00e4hk\u00f6postiosoitteesi osallistut arvontaan, jossa sinun on mahdollisuus voittaa valintasi mukaisesti joko Juha Kylm\u00e4n <a href=\"http:\/\/www.jousimetsastys.fi\/wp\/tuote\/jousimetsastys-johdatus-nykyaikaisen-jousimetsastyksen-perusteisiin-2\/\">Jousimets\u00e4stys -kirja<\/a> tai osallistuminen osallistumismaksutta valitsemaasi SJML:n j\u00e4rjest\u00e4m\u00e4\u00e4n jahtiin vuoden 2018\/2019 aikana. Arvonta suoritetaan 15.9.2018 ja voittajalle ilmoitetaan henkil\u00f6kohtaisesti. Nimen j\u00e4tt\u00e4minen ei ole pakollista saalisilmoituksen j\u00e4tt\u00e4misen kannalta, mutta nimet\u00f6n ilmoitus ei osallistu arvontaan. <\/p>\n\n","protected":false},"excerpt":{"rendered":"<p>T\u00e4yt\u00e4 saalisilmoitus mets\u00e4stysvuodelta 2017-2018 eli 1.8.2017 &#8211; 30.6.2018. Mik\u00e4li olet saanut saalista erilaisilla jousiaseilla kauden aikana, t\u00e4yt\u00e4 lomake useampaan kertaan, per k\u00e4ytetty erilainen jousiase. HUOM: Antamalla nimesi ja s\u00e4hk\u00f6postiosoitteesi osallistut [&hellip;]<\/p>\n","protected":false},"author":69,"featured_media":0,"parent":0,"menu_order":0,"comment_status":"closed","ping_status":"closed","template":"","meta":{"_price":"","_stock":"","_tribe_ticket_header":"","_tribe_default_ticket_provider":"","_tribe_ticket_capacity":"0","_ticket_start_date":"","_ticket_end_date":"","_tribe_ticket_show_description":"","_tribe_ticket_show_not_going":false,"_tribe_ticket_use_global_stock":"","_tribe_ticket_global_stock_level":"","_global_stock_mode":"","_global_stock_cap":"","_tribe_rsvp_for_event":"","_tribe_ticket_going_count":"","_tribe_ticket_not_going_count":"","_tribe_tickets_list":"[]","_tribe_ticket_has_attendee_info_fields":false,"footnotes":"","_tec_slr_enabled":"","_tec_slr_layout":""},"class_list":["post-9417","page","type-page","status-publish","hentry"],"jetpack_shortlink":"https:\/\/wp.me\/P9evuG-2rT","jetpack_sharing_enabled":true,"ticketed":false,"post_mailing_queue_ids":[],"_links":{"self":[{"href":"https:\/\/www.jousimetsastys.fi\/wp\/wp-json\/wp\/v2\/pages\/9417","targetHints":{"allow":["GET"]}}],"collection":[{"href":"https:\/\/www.jousimetsastys.fi\/wp\/wp-json\/wp\/v2\/pages"}],"about":[{"href":"https:\/\/www.jousimetsastys.fi\/wp\/wp-json\/wp\/v2\/types\/page"}],"author":[{"embeddable":true,"href":"https:\/\/www.jousimetsastys.fi\/wp\/wp-json\/wp\/v2\/users\/69"}],"replies":[{"embeddable":true,"href":"https:\/\/www.jousimetsastys.fi\/wp\/wp-json\/wp\/v2\/comments?post=9417"}],"version-history":[{"count":8,"href":"https:\/\/www.jousimetsastys.fi\/wp\/wp-json\/wp\/v2\/pages\/9417\/revisions"}],"predecessor-version":[{"id":9915,"href":"https:\/\/www.jousimetsastys.fi\/wp\/wp-json\/wp\/v2\/pages\/9417\/revisions\/9915"}],"wp:attachment":[{"href":"https:\/\/www.jousimetsastys.fi\/wp\/wp-json\/wp\/v2\/media?parent=9417"}],"curies":[{"name":"wp","href":"https:\/\/api.w.org\/{rel}","templated":true}]}}